{"id":1506,"date":"2022-07-02T12:30:21","date_gmt":"2022-07-02T10:30:21","guid":{"rendered":"https:\/\/vandrarhemmetriso.se\/hostel\/?page_id=1506"},"modified":"2026-04-08T12:29:47","modified_gmt":"2026-04-08T10:29:47","slug":"prislista","status":"publish","type":"page","link":"https:\/\/vandrarhemmetriso.se\/hostel\/prislista\/","title":{"rendered":"Prislista"},"content":{"rendered":"\n<ul class=\"wp-block-list\">\n<li><\/li>\n<\/ul>\n\n\n\n<p><\/p>\n","protected":false},"excerpt":{"rendered":"","protected":false},"author":1,"featured_media":1402,"parent":0,"menu_order":0,"comment_status":"closed","ping_status":"closed","template":"","meta":{"footnotes":""},"class_list":["post-1506","page","type-page","status-publish","has-post-thumbnail","hentry"],"yoast_head":"<!-- This site is optimized with the Yoast SEO plugin v27.4 - https:\/\/yoast.com\/product\/yoast-seo-wordpress\/ -->\n<title>Prislista &#8226; Vandrarhemmet Ris\u00f6<\/title>\n<meta name=\"description\" content=\"Prislista\/Bo p\u00e5 egen \u00f6\/Vandrarhemmmet Ris\u00f6 i Vinga-Fot\u00f6 sk\u00e4rg\u00e5rd utanf\u00f6r G\u00f6teborg. H\u00e4r bor du i sk\u00e4rg\u00e5rdsmilj\u00f6, med utsikt \u00f6ver Vinga fyr\" \/>\n<meta name=\"robots\" content=\"index, follow, max-snippet:-1, max-image-preview:large, max-video-preview:-1\" \/>\n<link rel=\"canonical\" href=\"https:\/\/vandrarhemmetriso.se\/hostel\/prislista\/\" \/>\n<meta property=\"og:locale\" content=\"sv_SE\" \/>\n<meta property=\"og:type\" content=\"article\" \/>\n<meta property=\"og:title\" content=\"Prislista &#8226; Vandrarhemmet Ris\u00f6\" \/>\n<meta property=\"og:description\" content=\"Prislista\/Bo p\u00e5 egen \u00f6\/Vandrarhemmmet Ris\u00f6 i Vinga-Fot\u00f6 sk\u00e4rg\u00e5rd utanf\u00f6r G\u00f6teborg. H\u00e4r bor du i sk\u00e4rg\u00e5rdsmilj\u00f6, med utsikt \u00f6ver Vinga fyr\" \/>\n<meta property=\"og:url\" content=\"https:\/\/vandrarhemmetriso.se\/hostel\/prislista\/\" \/>\n<meta property=\"og:site_name\" content=\"Vandrarhemmet Ris\u00f6\" \/>\n<meta property=\"article:publisher\" content=\"https:\/\/sv-se.facebook.com\/vandrarhemmetriso\/?ref=page_internal\" \/>\n<meta property=\"article:modified_time\" content=\"2026-04-08T10:29:47+00:00\" \/>\n<meta property=\"og:image\" content=\"https:\/\/vandrarhemmetriso.se\/hostel\/wp-content\/uploads\/2022\/01\/Skarmklipp-1.jpg\" \/>\n\t<meta property=\"og:image:width\" content=\"607\" \/>\n\t<meta property=\"og:image:height\" content=\"481\" \/>\n\t<meta property=\"og:image:type\" content=\"image\/jpeg\" \/>\n<meta name=\"twitter:card\" content=\"summary_large_image\" \/>\n<script type=\"application\/ld+json\" class=\"yoast-schema-graph\">{\"@context\":\"https:\\\/\\\/schema.org\",\"@graph\":[{\"@type\":\"WebPage\",\"@id\":\"https:\\\/\\\/vandrarhemmetriso.se\\\/hostel\\\/prislista\\\/\",\"url\":\"https:\\\/\\\/vandrarhemmetriso.se\\\/hostel\\\/prislista\\\/\",\"name\":\"Prislista &#8226; Vandrarhemmet Ris\u00f6\",\"isPartOf\":{\"@id\":\"https:\\\/\\\/vandrarhemmetriso.se\\\/hostel\\\/#website\"},\"primaryImageOfPage\":{\"@id\":\"https:\\\/\\\/vandrarhemmetriso.se\\\/hostel\\\/prislista\\\/#primaryimage\"},\"image\":{\"@id\":\"https:\\\/\\\/vandrarhemmetriso.se\\\/hostel\\\/prislista\\\/#primaryimage\"},\"thumbnailUrl\":\"https:\\\/\\\/vandrarhemmetriso.se\\\/hostel\\\/wp-content\\\/uploads\\\/2022\\\/01\\\/Skarmklipp-1.jpg\",\"datePublished\":\"2022-07-02T10:30:21+00:00\",\"dateModified\":\"2026-04-08T10:29:47+00:00\",\"description\":\"Prislista\\\/Bo p\u00e5 egen \u00f6\\\/Vandrarhemmmet Ris\u00f6 i Vinga-Fot\u00f6 sk\u00e4rg\u00e5rd utanf\u00f6r G\u00f6teborg. H\u00e4r bor du i sk\u00e4rg\u00e5rdsmilj\u00f6, med utsikt \u00f6ver Vinga fyr\",\"breadcrumb\":{\"@id\":\"https:\\\/\\\/vandrarhemmetriso.se\\\/hostel\\\/prislista\\\/#breadcrumb\"},\"inLanguage\":\"sv-SE\",\"potentialAction\":[{\"@type\":\"ReadAction\",\"target\":[\"https:\\\/\\\/vandrarhemmetriso.se\\\/hostel\\\/prislista\\\/\"]}]},{\"@type\":\"ImageObject\",\"inLanguage\":\"sv-SE\",\"@id\":\"https:\\\/\\\/vandrarhemmetriso.se\\\/hostel\\\/prislista\\\/#primaryimage\",\"url\":\"https:\\\/\\\/vandrarhemmetriso.se\\\/hostel\\\/wp-content\\\/uploads\\\/2022\\\/01\\\/Skarmklipp-1.jpg\",\"contentUrl\":\"https:\\\/\\\/vandrarhemmetriso.se\\\/hostel\\\/wp-content\\\/uploads\\\/2022\\\/01\\\/Skarmklipp-1.jpg\",\"width\":607,\"height\":481,\"caption\":\"Stora v\u00e4gen 5 Fot\u00f6\"},{\"@type\":\"BreadcrumbList\",\"@id\":\"https:\\\/\\\/vandrarhemmetriso.se\\\/hostel\\\/prislista\\\/#breadcrumb\",\"itemListElement\":[{\"@type\":\"ListItem\",\"position\":1,\"name\":\"Boka Online\",\"item\":\"https:\\\/\\\/vandrarhemmetriso.se\\\/hostel\\\/\"},{\"@type\":\"ListItem\",\"position\":2,\"name\":\"Prislista\"}]},{\"@type\":\"WebSite\",\"@id\":\"https:\\\/\\\/vandrarhemmetriso.se\\\/hostel\\\/#website\",\"url\":\"https:\\\/\\\/vandrarhemmetriso.se\\\/hostel\\\/\",\"name\":\"Vandrarhemmet Ris\u00f6\",\"description\":\"Vandrarhemmet Ris\u00f6 bo p\u00e5 egen \u00f6\",\"publisher\":{\"@id\":\"https:\\\/\\\/vandrarhemmetriso.se\\\/hostel\\\/#organization\"},\"alternateName\":\"Vandrarhem boende p\u00e5 egen \u00f6\",\"potentialAction\":[{\"@type\":\"SearchAction\",\"target\":{\"@type\":\"EntryPoint\",\"urlTemplate\":\"https:\\\/\\\/vandrarhemmetriso.se\\\/hostel\\\/?s={search_term_string}\"},\"query-input\":{\"@type\":\"PropertyValueSpecification\",\"valueRequired\":true,\"valueName\":\"search_term_string\"}}],\"inLanguage\":\"sv-SE\"},{\"@type\":\"Organization\",\"@id\":\"https:\\\/\\\/vandrarhemmetriso.se\\\/hostel\\\/#organization\",\"name\":\"Vandrarhemmet Ris\u00f6 ideel f\u00f6rening\",\"url\":\"https:\\\/\\\/vandrarhemmetriso.se\\\/hostel\\\/\",\"logo\":{\"@type\":\"ImageObject\",\"inLanguage\":\"sv-SE\",\"@id\":\"https:\\\/\\\/vandrarhemmetriso.se\\\/hostel\\\/#\\\/schema\\\/logo\\\/image\\\/\",\"url\":\"\",\"contentUrl\":\"\",\"caption\":\"Vandrarhemmet Ris\u00f6 ideel f\u00f6rening\"},\"image\":{\"@id\":\"https:\\\/\\\/vandrarhemmetriso.se\\\/hostel\\\/#\\\/schema\\\/logo\\\/image\\\/\"},\"sameAs\":[\"https:\\\/\\\/sv-se.facebook.com\\\/vandrarhemmetriso\\\/?ref=page_internal\"]}]}<\/script>\n<!-- \/ Yoast SEO plugin. -->","yoast_head_json":{"title":"Prislista &#8226; Vandrarhemmet Ris\u00f6","description":"Prislista\/Bo p\u00e5 egen \u00f6\/Vandrarhemmmet Ris\u00f6 i Vinga-Fot\u00f6 sk\u00e4rg\u00e5rd utanf\u00f6r G\u00f6teborg. H\u00e4r bor du i sk\u00e4rg\u00e5rdsmilj\u00f6, med utsikt \u00f6ver Vinga fyr","robots":{"index":"index","follow":"follow","max-snippet":"max-snippet:-1","max-image-preview":"max-image-preview:large","max-video-preview":"max-video-preview:-1"},"canonical":"https:\/\/vandrarhemmetriso.se\/hostel\/prislista\/","og_locale":"sv_SE","og_type":"article","og_title":"Prislista &#8226; Vandrarhemmet Ris\u00f6","og_description":"Prislista\/Bo p\u00e5 egen \u00f6\/Vandrarhemmmet Ris\u00f6 i Vinga-Fot\u00f6 sk\u00e4rg\u00e5rd utanf\u00f6r G\u00f6teborg. H\u00e4r bor du i sk\u00e4rg\u00e5rdsmilj\u00f6, med utsikt \u00f6ver Vinga fyr","og_url":"https:\/\/vandrarhemmetriso.se\/hostel\/prislista\/","og_site_name":"Vandrarhemmet Ris\u00f6","article_publisher":"https:\/\/sv-se.facebook.com\/vandrarhemmetriso\/?ref=page_internal","article_modified_time":"2026-04-08T10:29:47+00:00","og_image":[{"width":607,"height":481,"url":"https:\/\/vandrarhemmetriso.se\/hostel\/wp-content\/uploads\/2022\/01\/Skarmklipp-1.jpg","type":"image\/jpeg"}],"twitter_card":"summary_large_image","schema":{"@context":"https:\/\/schema.org","@graph":[{"@type":"WebPage","@id":"https:\/\/vandrarhemmetriso.se\/hostel\/prislista\/","url":"https:\/\/vandrarhemmetriso.se\/hostel\/prislista\/","name":"Prislista &#8226; Vandrarhemmet Ris\u00f6","isPartOf":{"@id":"https:\/\/vandrarhemmetriso.se\/hostel\/#website"},"primaryImageOfPage":{"@id":"https:\/\/vandrarhemmetriso.se\/hostel\/prislista\/#primaryimage"},"image":{"@id":"https:\/\/vandrarhemmetriso.se\/hostel\/prislista\/#primaryimage"},"thumbnailUrl":"https:\/\/vandrarhemmetriso.se\/hostel\/wp-content\/uploads\/2022\/01\/Skarmklipp-1.jpg","datePublished":"2022-07-02T10:30:21+00:00","dateModified":"2026-04-08T10:29:47+00:00","description":"Prislista\/Bo p\u00e5 egen \u00f6\/Vandrarhemmmet Ris\u00f6 i Vinga-Fot\u00f6 sk\u00e4rg\u00e5rd utanf\u00f6r G\u00f6teborg. H\u00e4r bor du i sk\u00e4rg\u00e5rdsmilj\u00f6, med utsikt \u00f6ver Vinga fyr","breadcrumb":{"@id":"https:\/\/vandrarhemmetriso.se\/hostel\/prislista\/#breadcrumb"},"inLanguage":"sv-SE","potentialAction":[{"@type":"ReadAction","target":["https:\/\/vandrarhemmetriso.se\/hostel\/prislista\/"]}]},{"@type":"ImageObject","inLanguage":"sv-SE","@id":"https:\/\/vandrarhemmetriso.se\/hostel\/prislista\/#primaryimage","url":"https:\/\/vandrarhemmetriso.se\/hostel\/wp-content\/uploads\/2022\/01\/Skarmklipp-1.jpg","contentUrl":"https:\/\/vandrarhemmetriso.se\/hostel\/wp-content\/uploads\/2022\/01\/Skarmklipp-1.jpg","width":607,"height":481,"caption":"Stora v\u00e4gen 5 Fot\u00f6"},{"@type":"BreadcrumbList","@id":"https:\/\/vandrarhemmetriso.se\/hostel\/prislista\/#breadcrumb","itemListElement":[{"@type":"ListItem","position":1,"name":"Boka Online","item":"https:\/\/vandrarhemmetriso.se\/hostel\/"},{"@type":"ListItem","position":2,"name":"Prislista"}]},{"@type":"WebSite","@id":"https:\/\/vandrarhemmetriso.se\/hostel\/#website","url":"https:\/\/vandrarhemmetriso.se\/hostel\/","name":"Vandrarhemmet Ris\u00f6","description":"Vandrarhemmet Ris\u00f6 bo p\u00e5 egen \u00f6","publisher":{"@id":"https:\/\/vandrarhemmetriso.se\/hostel\/#organization"},"alternateName":"Vandrarhem boende p\u00e5 egen \u00f6","potentialAction":[{"@type":"SearchAction","target":{"@type":"EntryPoint","urlTemplate":"https:\/\/vandrarhemmetriso.se\/hostel\/?s={search_term_string}"},"query-input":{"@type":"PropertyValueSpecification","valueRequired":true,"valueName":"search_term_string"}}],"inLanguage":"sv-SE"},{"@type":"Organization","@id":"https:\/\/vandrarhemmetriso.se\/hostel\/#organization","name":"Vandrarhemmet Ris\u00f6 ideel f\u00f6rening","url":"https:\/\/vandrarhemmetriso.se\/hostel\/","logo":{"@type":"ImageObject","inLanguage":"sv-SE","@id":"https:\/\/vandrarhemmetriso.se\/hostel\/#\/schema\/logo\/image\/","url":"","contentUrl":"","caption":"Vandrarhemmet Ris\u00f6 ideel f\u00f6rening"},"image":{"@id":"https:\/\/vandrarhemmetriso.se\/hostel\/#\/schema\/logo\/image\/"},"sameAs":["https:\/\/sv-se.facebook.com\/vandrarhemmetriso\/?ref=page_internal"]}]}},"_links":{"self":[{"href":"https:\/\/vandrarhemmetriso.se\/hostel\/wp-json\/wp\/v2\/pages\/1506","targetHints":{"allow":["GET"]}}],"collection":[{"href":"https:\/\/vandrarhemmetriso.se\/hostel\/wp-json\/wp\/v2\/pages"}],"about":[{"href":"https:\/\/vandrarhemmetriso.se\/hostel\/wp-json\/wp\/v2\/types\/page"}],"author":[{"embeddable":true,"href":"https:\/\/vandrarhemmetriso.se\/hostel\/wp-json\/wp\/v2\/users\/1"}],"replies":[{"embeddable":true,"href":"https:\/\/vandrarhemmetriso.se\/hostel\/wp-json\/wp\/v2\/comments?post=1506"}],"version-history":[{"count":4,"href":"https:\/\/vandrarhemmetriso.se\/hostel\/wp-json\/wp\/v2\/pages\/1506\/revisions"}],"predecessor-version":[{"id":2007,"href":"https:\/\/vandrarhemmetriso.se\/hostel\/wp-json\/wp\/v2\/pages\/1506\/revisions\/2007"}],"wp:featuredmedia":[{"embeddable":true,"href":"https:\/\/vandrarhemmetriso.se\/hostel\/wp-json\/wp\/v2\/media\/1402"}],"wp:attachment":[{"href":"https:\/\/vandrarhemmetriso.se\/hostel\/wp-json\/wp\/v2\/media?parent=1506"}],"curies":[{"name":"wp","href":"https:\/\/api.w.org\/{rel}","templated":true}]}}