{"id":124,"date":"2021-11-09T12:14:19","date_gmt":"2021-11-09T12:14:19","guid":{"rendered":"https:\/\/vandrarhemmetriso.se\/hostel\/?page_id=124"},"modified":"2024-02-07T14:58:00","modified_gmt":"2024-02-07T13:58:00","slug":"boka-online","status":"publish","type":"page","link":"https:\/\/vandrarhemmetriso.se\/hostel\/","title":{"rendered":"Boka Online"},"content":{"rendered":"","protected":false},"excerpt":{"rendered":"","protected":false},"author":1,"featured_media":822,"parent":0,"menu_order":0,"comment_status":"open","ping_status":"open","template":"","meta":{"footnotes":""},"class_list":["post-124","page","type-page","status-publish","has-post-thumbnail","hentry"],"yoast_head":"<!-- This site is optimized with the Yoast SEO plugin v27.4 - https:\/\/yoast.com\/product\/yoast-seo-wordpress\/ -->\n<title>Boka Online &#8226; Vandrarhemmet Ris\u00f6<\/title>\n<meta name=\"description\" content=\"Boka Online \/Boka nu\/2 och 4 b\u00e4ddsrum\/vandrarhemmet Ris\u00f6\/Bo p\u00e5 egen \u00f6\/G\u00f6teborgs norra sk\u00e4rg\u00e5rd\/Vandrarhem Vinga-Fot\u00f6\" \/>\n<meta name=\"robots\" content=\"index, follow, max-snippet:-1, max-image-preview:large, max-video-preview:-1\" \/>\n<link rel=\"canonical\" href=\"https:\/\/www.vandrarhemmetriso.se\" \/>\n<meta property=\"og:locale\" content=\"sv_SE\" \/>\n<meta property=\"og:type\" content=\"article\" \/>\n<meta property=\"og:title\" content=\"Boka Online &#8226; Vandrarhemmet Ris\u00f6\" \/>\n<meta property=\"og:description\" content=\"Boka Online \/Boka nu\/2 och 4 b\u00e4ddsrum\/vandrarhemmet Ris\u00f6\/Bo p\u00e5 egen \u00f6\/G\u00f6teborgs norra sk\u00e4rg\u00e5rd\/Vandrarhem Vinga-Fot\u00f6\" \/>\n<meta property=\"og:url\" content=\"https:\/\/www.vandrarhemmetriso.se\" \/>\n<meta property=\"og:site_name\" content=\"Vandrarhemmet Ris\u00f6\" \/>\n<meta property=\"article:publisher\" content=\"https:\/\/sv-se.facebook.com\/vandrarhemmetriso\/?ref=page_internal\" \/>\n<meta property=\"article:modified_time\" content=\"2024-02-07T13:58:00+00:00\" \/>\n<meta property=\"og:image\" content=\"https:\/\/vandrarhemmetriso.se\/hostel\/wp-content\/uploads\/2021\/11\/1-1-2.jpg\" \/>\n\t<meta property=\"og:image:width\" content=\"1024\" \/>\n\t<meta property=\"og:image:height\" content=\"768\" \/>\n\t<meta property=\"og:image:type\" content=\"image\/jpeg\" \/>\n<meta name=\"twitter:card\" content=\"summary_large_image\" \/>\n<script type=\"application\/ld+json\" class=\"yoast-schema-graph\">{\"@context\":\"https:\\\/\\\/schema.org\",\"@graph\":[{\"@type\":\"WebPage\",\"@id\":\"https:\\\/\\\/vandrarhemmetriso.se\\\/hostel\\\/\",\"url\":\"https:\\\/\\\/www.vandrarhemmetriso.se\",\"name\":\"Boka Online &#8226; Vandrarhemmet Ris\u00f6\",\"isPartOf\":{\"@id\":\"https:\\\/\\\/vandrarhemmetriso.se\\\/hostel\\\/#website\"},\"primaryImageOfPage\":{\"@id\":\"https:\\\/\\\/www.vandrarhemmetriso.se#primaryimage\"},\"image\":{\"@id\":\"https:\\\/\\\/www.vandrarhemmetriso.se#primaryimage\"},\"thumbnailUrl\":\"https:\\\/\\\/vandrarhemmetriso.se\\\/hostel\\\/wp-content\\\/uploads\\\/2021\\\/11\\\/1-1-2.jpg\",\"datePublished\":\"2021-11-09T12:14:19+00:00\",\"dateModified\":\"2024-02-07T13:58:00+00:00\",\"description\":\"Boka Online \\\/Boka nu\\\/2 och 4 b\u00e4ddsrum\\\/vandrarhemmet Ris\u00f6\\\/Bo p\u00e5 egen \u00f6\\\/G\u00f6teborgs norra sk\u00e4rg\u00e5rd\\\/Vandrarhem Vinga-Fot\u00f6\",\"breadcrumb\":{\"@id\":\"https:\\\/\\\/www.vandrarhemmetriso.se#breadcrumb\"},\"inLanguage\":\"sv-SE\",\"potentialAction\":[{\"@type\":\"ReadAction\",\"target\":[\"https:\\\/\\\/www.vandrarhemmetriso.se\"]}]},{\"@type\":\"ImageObject\",\"inLanguage\":\"sv-SE\",\"@id\":\"https:\\\/\\\/www.vandrarhemmetriso.se#primaryimage\",\"url\":\"https:\\\/\\\/vandrarhemmetriso.se\\\/hostel\\\/wp-content\\\/uploads\\\/2021\\\/11\\\/1-1-2.jpg\",\"contentUrl\":\"https:\\\/\\\/vandrarhemmetriso.se\\\/hostel\\\/wp-content\\\/uploads\\\/2021\\\/11\\\/1-1-2.jpg\",\"width\":1024,\"height\":768,\"caption\":\"SAMSUNG DIGITAL CAMERA\"},{\"@type\":\"BreadcrumbList\",\"@id\":\"https:\\\/\\\/www.vandrarhemmetriso.se#breadcrumb\",\"itemListElement\":[{\"@type\":\"ListItem\",\"position\":1,\"name\":\"Boka Online\",\"item\":\"https:\\\/\\\/vandrarhemmetriso.se\\\/hostel\\\/\"},{\"@type\":\"ListItem\",\"position\":2,\"name\":\"Boka online\"}]},{\"@type\":\"WebSite\",\"@id\":\"https:\\\/\\\/vandrarhemmetriso.se\\\/hostel\\\/#website\",\"url\":\"https:\\\/\\\/vandrarhemmetriso.se\\\/hostel\\\/\",\"name\":\"Vandrarhemmet Ris\u00f6\",\"description\":\"Vandrarhemmet Ris\u00f6 bo p\u00e5 egen \u00f6\",\"publisher\":{\"@id\":\"https:\\\/\\\/vandrarhemmetriso.se\\\/hostel\\\/#organization\"},\"alternateName\":\"Vandrarhem boende p\u00e5 egen \u00f6\",\"potentialAction\":[{\"@type\":\"SearchAction\",\"target\":{\"@type\":\"EntryPoint\",\"urlTemplate\":\"https:\\\/\\\/vandrarhemmetriso.se\\\/hostel\\\/?s={search_term_string}\"},\"query-input\":{\"@type\":\"PropertyValueSpecification\",\"valueRequired\":true,\"valueName\":\"search_term_string\"}}],\"inLanguage\":\"sv-SE\"},{\"@type\":\"Organization\",\"@id\":\"https:\\\/\\\/vandrarhemmetriso.se\\\/hostel\\\/#organization\",\"name\":\"Vandrarhemmet Ris\u00f6 ideel f\u00f6rening\",\"url\":\"https:\\\/\\\/vandrarhemmetriso.se\\\/hostel\\\/\",\"logo\":{\"@type\":\"ImageObject\",\"inLanguage\":\"sv-SE\",\"@id\":\"https:\\\/\\\/vandrarhemmetriso.se\\\/hostel\\\/#\\\/schema\\\/logo\\\/image\\\/\",\"url\":\"\",\"contentUrl\":\"\",\"caption\":\"Vandrarhemmet Ris\u00f6 ideel f\u00f6rening\"},\"image\":{\"@id\":\"https:\\\/\\\/vandrarhemmetriso.se\\\/hostel\\\/#\\\/schema\\\/logo\\\/image\\\/\"},\"sameAs\":[\"https:\\\/\\\/sv-se.facebook.com\\\/vandrarhemmetriso\\\/?ref=page_internal\"]}]}<\/script>\n<!-- \/ Yoast SEO plugin. -->","yoast_head_json":{"title":"Boka Online &#8226; Vandrarhemmet Ris\u00f6","description":"Boka Online \/Boka nu\/2 och 4 b\u00e4ddsrum\/vandrarhemmet Ris\u00f6\/Bo p\u00e5 egen \u00f6\/G\u00f6teborgs norra sk\u00e4rg\u00e5rd\/Vandrarhem Vinga-Fot\u00f6","robots":{"index":"index","follow":"follow","max-snippet":"max-snippet:-1","max-image-preview":"max-image-preview:large","max-video-preview":"max-video-preview:-1"},"canonical":"https:\/\/www.vandrarhemmetriso.se","og_locale":"sv_SE","og_type":"article","og_title":"Boka Online &#8226; Vandrarhemmet Ris\u00f6","og_description":"Boka Online \/Boka nu\/2 och 4 b\u00e4ddsrum\/vandrarhemmet Ris\u00f6\/Bo p\u00e5 egen \u00f6\/G\u00f6teborgs norra sk\u00e4rg\u00e5rd\/Vandrarhem Vinga-Fot\u00f6","og_url":"https:\/\/www.vandrarhemmetriso.se","og_site_name":"Vandrarhemmet Ris\u00f6","article_publisher":"https:\/\/sv-se.facebook.com\/vandrarhemmetriso\/?ref=page_internal","article_modified_time":"2024-02-07T13:58:00+00:00","og_image":[{"width":1024,"height":768,"url":"https:\/\/vandrarhemmetriso.se\/hostel\/wp-content\/uploads\/2021\/11\/1-1-2.jpg","type":"image\/jpeg"}],"twitter_card":"summary_large_image","schema":{"@context":"https:\/\/schema.org","@graph":[{"@type":"WebPage","@id":"https:\/\/vandrarhemmetriso.se\/hostel\/","url":"https:\/\/www.vandrarhemmetriso.se","name":"Boka Online &#8226; Vandrarhemmet Ris\u00f6","isPartOf":{"@id":"https:\/\/vandrarhemmetriso.se\/hostel\/#website"},"primaryImageOfPage":{"@id":"https:\/\/www.vandrarhemmetriso.se#primaryimage"},"image":{"@id":"https:\/\/www.vandrarhemmetriso.se#primaryimage"},"thumbnailUrl":"https:\/\/vandrarhemmetriso.se\/hostel\/wp-content\/uploads\/2021\/11\/1-1-2.jpg","datePublished":"2021-11-09T12:14:19+00:00","dateModified":"2024-02-07T13:58:00+00:00","description":"Boka Online \/Boka nu\/2 och 4 b\u00e4ddsrum\/vandrarhemmet Ris\u00f6\/Bo p\u00e5 egen \u00f6\/G\u00f6teborgs norra sk\u00e4rg\u00e5rd\/Vandrarhem Vinga-Fot\u00f6","breadcrumb":{"@id":"https:\/\/www.vandrarhemmetriso.se#breadcrumb"},"inLanguage":"sv-SE","potentialAction":[{"@type":"ReadAction","target":["https:\/\/www.vandrarhemmetriso.se"]}]},{"@type":"ImageObject","inLanguage":"sv-SE","@id":"https:\/\/www.vandrarhemmetriso.se#primaryimage","url":"https:\/\/vandrarhemmetriso.se\/hostel\/wp-content\/uploads\/2021\/11\/1-1-2.jpg","contentUrl":"https:\/\/vandrarhemmetriso.se\/hostel\/wp-content\/uploads\/2021\/11\/1-1-2.jpg","width":1024,"height":768,"caption":"SAMSUNG DIGITAL CAMERA"},{"@type":"BreadcrumbList","@id":"https:\/\/www.vandrarhemmetriso.se#breadcrumb","itemListElement":[{"@type":"ListItem","position":1,"name":"Boka Online","item":"https:\/\/vandrarhemmetriso.se\/hostel\/"},{"@type":"ListItem","position":2,"name":"Boka online"}]},{"@type":"WebSite","@id":"https:\/\/vandrarhemmetriso.se\/hostel\/#website","url":"https:\/\/vandrarhemmetriso.se\/hostel\/","name":"Vandrarhemmet Ris\u00f6","description":"Vandrarhemmet Ris\u00f6 bo p\u00e5 egen \u00f6","publisher":{"@id":"https:\/\/vandrarhemmetriso.se\/hostel\/#organization"},"alternateName":"Vandrarhem boende p\u00e5 egen \u00f6","potentialAction":[{"@type":"SearchAction","target":{"@type":"EntryPoint","urlTemplate":"https:\/\/vandrarhemmetriso.se\/hostel\/?s={search_term_string}"},"query-input":{"@type":"PropertyValueSpecification","valueRequired":true,"valueName":"search_term_string"}}],"inLanguage":"sv-SE"},{"@type":"Organization","@id":"https:\/\/vandrarhemmetriso.se\/hostel\/#organization","name":"Vandrarhemmet Ris\u00f6 ideel f\u00f6rening","url":"https:\/\/vandrarhemmetriso.se\/hostel\/","logo":{"@type":"ImageObject","inLanguage":"sv-SE","@id":"https:\/\/vandrarhemmetriso.se\/hostel\/#\/schema\/logo\/image\/","url":"","contentUrl":"","caption":"Vandrarhemmet Ris\u00f6 ideel f\u00f6rening"},"image":{"@id":"https:\/\/vandrarhemmetriso.se\/hostel\/#\/schema\/logo\/image\/"},"sameAs":["https:\/\/sv-se.facebook.com\/vandrarhemmetriso\/?ref=page_internal"]}]}},"_links":{"self":[{"href":"https:\/\/vandrarhemmetriso.se\/hostel\/wp-json\/wp\/v2\/pages\/124","targetHints":{"allow":["GET"]}}],"collection":[{"href":"https:\/\/vandrarhemmetriso.se\/hostel\/wp-json\/wp\/v2\/pages"}],"about":[{"href":"https:\/\/vandrarhemmetriso.se\/hostel\/wp-json\/wp\/v2\/types\/page"}],"author":[{"embeddable":true,"href":"https:\/\/vandrarhemmetriso.se\/hostel\/wp-json\/wp\/v2\/users\/1"}],"replies":[{"embeddable":true,"href":"https:\/\/vandrarhemmetriso.se\/hostel\/wp-json\/wp\/v2\/comments?post=124"}],"version-history":[{"count":7,"href":"https:\/\/vandrarhemmetriso.se\/hostel\/wp-json\/wp\/v2\/pages\/124\/revisions"}],"predecessor-version":[{"id":1846,"href":"https:\/\/vandrarhemmetriso.se\/hostel\/wp-json\/wp\/v2\/pages\/124\/revisions\/1846"}],"wp:featuredmedia":[{"embeddable":true,"href":"https:\/\/vandrarhemmetriso.se\/hostel\/wp-json\/wp\/v2\/media\/822"}],"wp:attachment":[{"href":"https:\/\/vandrarhemmetriso.se\/hostel\/wp-json\/wp\/v2\/media?parent=124"}],"curies":[{"name":"wp","href":"https:\/\/api.w.org\/{rel}","templated":true}]}}