{"id":119,"date":"2021-11-09T12:14:19","date_gmt":"2021-11-09T12:14:19","guid":{"rendered":"https:\/\/vandrarhemmetriso.se\/hostel\/?page_id=119"},"modified":"2022-06-28T10:25:03","modified_gmt":"2022-06-28T08:25:03","slug":"sommarlager","status":"publish","type":"page","link":"https:\/\/vandrarhemmetriso.se\/hostel\/sommarlager\/","title":{"rendered":"Sommarl\u00e4ger"},"content":{"rendered":"<p>Vi \u00e4r ett popul\u00e4rt vandrarhem f\u00f6r v\u00e5ra unga, h\u00e4r finns mycket man kan g\u00f6ra, bara fantasin s\u00e4tter gr\u00e4nser.<\/p>\n<p>Skolor, f\u00f6rsamlingar i n\u00e4romr\u00e5det hyr varje \u00e5r och det verkar aldrig bli tr\u00e5kigt trots bl\u00e5st och regn.<\/p>\n","protected":false},"excerpt":{"rendered":"<p>Vi \u00e4r ett popul\u00e4rt vandrarhem f\u00f6r v\u00e5ra unga, h\u00e4r finns mycket man kan g\u00f6ra, bara fantasin s\u00e4tter gr\u00e4nser. Skolor, f\u00f6rsamlingar i n\u00e4romr\u00e5det hyr varje \u00e5r och det verkar aldrig bli tr\u00e5kigt trots bl\u00e5st och regn.<\/p>\n","protected":false},"author":1,"featured_media":1500,"parent":0,"menu_order":0,"comment_status":"open","ping_status":"open","template":"","meta":{"footnotes":""},"class_list":["post-119","page","type-page","status-publish","has-post-thumbnail","hentry"],"yoast_head":"<!-- This site is optimized with the Yoast SEO plugin v27.4 - https:\/\/yoast.com\/product\/yoast-seo-wordpress\/ -->\n<title>Sommarl\u00e4ger &#8226; Vandrarhemmet Ris\u00f6<\/title>\n<meta name=\"description\" content=\"Sommarl\u00e4ger\/Vandrarhemmmet Ris\u00f6 i Vinga-Fot\u00f6 sk\u00e4rg\u00e5rd utanf\u00f6r G\u00f6teborg. H\u00e4r bor du i sk\u00e4rg\u00e5rdsmilj\u00f6, med utsikt \u00f6ver Vinga fyr\" \/>\n<meta name=\"robots\" content=\"index, follow, max-snippet:-1, max-image-preview:large, max-video-preview:-1\" \/>\n<link rel=\"canonical\" href=\"https:\/\/vandrarhemmetriso.se\/hostel\/golfing-2\/?preview_id=119&preview_nonce=4b701b8d91&preview=true&_thumbnail_id=11\" \/>\n<meta property=\"og:locale\" content=\"sv_SE\" \/>\n<meta property=\"og:type\" content=\"article\" \/>\n<meta property=\"og:title\" content=\"Sommarl\u00e4ger &#8226; Vandrarhemmet Ris\u00f6\" \/>\n<meta property=\"og:description\" content=\"Sommarl\u00e4ger\/Vandrarhemmmet Ris\u00f6 i Vinga-Fot\u00f6 sk\u00e4rg\u00e5rd utanf\u00f6r G\u00f6teborg. H\u00e4r bor du i sk\u00e4rg\u00e5rdsmilj\u00f6, med utsikt \u00f6ver Vinga fyr\" \/>\n<meta property=\"og:url\" content=\"https:\/\/vandrarhemmetriso.se\/hostel\/golfing-2\/?preview_id=119&amp;preview_nonce=4b701b8d91&amp;preview=true&amp;_thumbnail_id=11\" \/>\n<meta property=\"og:site_name\" content=\"Vandrarhemmet Ris\u00f6\" \/>\n<meta property=\"article:publisher\" content=\"https:\/\/sv-se.facebook.com\/vandrarhemmetriso\/?ref=page_internal\" \/>\n<meta property=\"article:modified_time\" content=\"2022-06-28T08:25:03+00:00\" \/>\n<meta property=\"og:image\" content=\"https:\/\/vandrarhemmetriso.se\/hostel\/wp-content\/uploads\/2022\/06\/DSC_0036-scaled.jpg\" \/>\n\t<meta property=\"og:image:width\" content=\"2560\" \/>\n\t<meta property=\"og:image:height\" content=\"1696\" \/>\n\t<meta property=\"og:image:type\" content=\"image\/jpeg\" \/>\n<meta name=\"twitter:card\" content=\"summary_large_image\" \/>\n<meta name=\"twitter:label1\" content=\"Ber\u00e4knad l\u00e4stid\" \/>\n\t<meta name=\"twitter:data1\" content=\"1 minut\" \/>\n<script type=\"application\/ld+json\" class=\"yoast-schema-graph\">{\"@context\":\"https:\\\/\\\/schema.org\",\"@graph\":[{\"@type\":\"WebPage\",\"@id\":\"https:\\\/\\\/vandrarhemmetriso.se\\\/hostel\\\/sommarlager\\\/\",\"url\":\"https:\\\/\\\/vandrarhemmetriso.se\\\/hostel\\\/golfing-2\\\/?preview_id=119&preview_nonce=4b701b8d91&preview=true&_thumbnail_id=11\",\"name\":\"Sommarl\u00e4ger &#8226; Vandrarhemmet Ris\u00f6\",\"isPartOf\":{\"@id\":\"https:\\\/\\\/vandrarhemmetriso.se\\\/hostel\\\/#website\"},\"primaryImageOfPage\":{\"@id\":\"https:\\\/\\\/vandrarhemmetriso.se\\\/hostel\\\/golfing-2\\\/?preview_id=119&preview_nonce=4b701b8d91&preview=true&_thumbnail_id=11#primaryimage\"},\"image\":{\"@id\":\"https:\\\/\\\/vandrarhemmetriso.se\\\/hostel\\\/golfing-2\\\/?preview_id=119&preview_nonce=4b701b8d91&preview=true&_thumbnail_id=11#primaryimage\"},\"thumbnailUrl\":\"https:\\\/\\\/vandrarhemmetriso.se\\\/hostel\\\/wp-content\\\/uploads\\\/2022\\\/06\\\/DSC_0036-scaled.jpg\",\"datePublished\":\"2021-11-09T12:14:19+00:00\",\"dateModified\":\"2022-06-28T08:25:03+00:00\",\"description\":\"Sommarl\u00e4ger\\\/Vandrarhemmmet Ris\u00f6 i Vinga-Fot\u00f6 sk\u00e4rg\u00e5rd utanf\u00f6r G\u00f6teborg. H\u00e4r bor du i sk\u00e4rg\u00e5rdsmilj\u00f6, med utsikt \u00f6ver Vinga fyr\",\"breadcrumb\":{\"@id\":\"https:\\\/\\\/vandrarhemmetriso.se\\\/hostel\\\/golfing-2\\\/?preview_id=119&preview_nonce=4b701b8d91&preview=true&_thumbnail_id=11#breadcrumb\"},\"inLanguage\":\"sv-SE\",\"potentialAction\":[{\"@type\":\"ReadAction\",\"target\":[\"https:\\\/\\\/vandrarhemmetriso.se\\\/hostel\\\/golfing-2\\\/?preview_id=119&preview_nonce=4b701b8d91&preview=true&_thumbnail_id=11\"]}]},{\"@type\":\"ImageObject\",\"inLanguage\":\"sv-SE\",\"@id\":\"https:\\\/\\\/vandrarhemmetriso.se\\\/hostel\\\/golfing-2\\\/?preview_id=119&preview_nonce=4b701b8d91&preview=true&_thumbnail_id=11#primaryimage\",\"url\":\"https:\\\/\\\/vandrarhemmetriso.se\\\/hostel\\\/wp-content\\\/uploads\\\/2022\\\/06\\\/DSC_0036-scaled.jpg\",\"contentUrl\":\"https:\\\/\\\/vandrarhemmetriso.se\\\/hostel\\\/wp-content\\\/uploads\\\/2022\\\/06\\\/DSC_0036-scaled.jpg\",\"width\":2560,\"height\":1696},{\"@type\":\"BreadcrumbList\",\"@id\":\"https:\\\/\\\/vandrarhemmetriso.se\\\/hostel\\\/golfing-2\\\/?preview_id=119&preview_nonce=4b701b8d91&preview=true&_thumbnail_id=11#breadcrumb\",\"itemListElement\":[{\"@type\":\"ListItem\",\"position\":1,\"name\":\"Boka Online\",\"item\":\"https:\\\/\\\/vandrarhemmetriso.se\\\/hostel\\\/\"},{\"@type\":\"ListItem\",\"position\":2,\"name\":\"Sommarl\u00e4ger\"}]},{\"@type\":\"WebSite\",\"@id\":\"https:\\\/\\\/vandrarhemmetriso.se\\\/hostel\\\/#website\",\"url\":\"https:\\\/\\\/vandrarhemmetriso.se\\\/hostel\\\/\",\"name\":\"Vandrarhemmet Ris\u00f6\",\"description\":\"Vandrarhemmet Ris\u00f6 bo p\u00e5 egen \u00f6\",\"publisher\":{\"@id\":\"https:\\\/\\\/vandrarhemmetriso.se\\\/hostel\\\/#organization\"},\"alternateName\":\"Vandrarhem boende p\u00e5 egen \u00f6\",\"potentialAction\":[{\"@type\":\"SearchAction\",\"target\":{\"@type\":\"EntryPoint\",\"urlTemplate\":\"https:\\\/\\\/vandrarhemmetriso.se\\\/hostel\\\/?s={search_term_string}\"},\"query-input\":{\"@type\":\"PropertyValueSpecification\",\"valueRequired\":true,\"valueName\":\"search_term_string\"}}],\"inLanguage\":\"sv-SE\"},{\"@type\":\"Organization\",\"@id\":\"https:\\\/\\\/vandrarhemmetriso.se\\\/hostel\\\/#organization\",\"name\":\"Vandrarhemmet Ris\u00f6 ideel f\u00f6rening\",\"url\":\"https:\\\/\\\/vandrarhemmetriso.se\\\/hostel\\\/\",\"logo\":{\"@type\":\"ImageObject\",\"inLanguage\":\"sv-SE\",\"@id\":\"https:\\\/\\\/vandrarhemmetriso.se\\\/hostel\\\/#\\\/schema\\\/logo\\\/image\\\/\",\"url\":\"\",\"contentUrl\":\"\",\"caption\":\"Vandrarhemmet Ris\u00f6 ideel f\u00f6rening\"},\"image\":{\"@id\":\"https:\\\/\\\/vandrarhemmetriso.se\\\/hostel\\\/#\\\/schema\\\/logo\\\/image\\\/\"},\"sameAs\":[\"https:\\\/\\\/sv-se.facebook.com\\\/vandrarhemmetriso\\\/?ref=page_internal\"]}]}<\/script>\n<!-- \/ Yoast SEO plugin. -->","yoast_head_json":{"title":"Sommarl\u00e4ger &#8226; Vandrarhemmet Ris\u00f6","description":"Sommarl\u00e4ger\/Vandrarhemmmet Ris\u00f6 i Vinga-Fot\u00f6 sk\u00e4rg\u00e5rd utanf\u00f6r G\u00f6teborg. H\u00e4r bor du i sk\u00e4rg\u00e5rdsmilj\u00f6, med utsikt \u00f6ver Vinga fyr","robots":{"index":"index","follow":"follow","max-snippet":"max-snippet:-1","max-image-preview":"max-image-preview:large","max-video-preview":"max-video-preview:-1"},"canonical":"https:\/\/vandrarhemmetriso.se\/hostel\/golfing-2\/?preview_id=119&preview_nonce=4b701b8d91&preview=true&_thumbnail_id=11","og_locale":"sv_SE","og_type":"article","og_title":"Sommarl\u00e4ger &#8226; Vandrarhemmet Ris\u00f6","og_description":"Sommarl\u00e4ger\/Vandrarhemmmet Ris\u00f6 i Vinga-Fot\u00f6 sk\u00e4rg\u00e5rd utanf\u00f6r G\u00f6teborg. H\u00e4r bor du i sk\u00e4rg\u00e5rdsmilj\u00f6, med utsikt \u00f6ver Vinga fyr","og_url":"https:\/\/vandrarhemmetriso.se\/hostel\/golfing-2\/?preview_id=119&preview_nonce=4b701b8d91&preview=true&_thumbnail_id=11","og_site_name":"Vandrarhemmet Ris\u00f6","article_publisher":"https:\/\/sv-se.facebook.com\/vandrarhemmetriso\/?ref=page_internal","article_modified_time":"2022-06-28T08:25:03+00:00","og_image":[{"width":2560,"height":1696,"url":"https:\/\/vandrarhemmetriso.se\/hostel\/wp-content\/uploads\/2022\/06\/DSC_0036-scaled.jpg","type":"image\/jpeg"}],"twitter_card":"summary_large_image","twitter_misc":{"Ber\u00e4knad l\u00e4stid":"1 minut"},"schema":{"@context":"https:\/\/schema.org","@graph":[{"@type":"WebPage","@id":"https:\/\/vandrarhemmetriso.se\/hostel\/sommarlager\/","url":"https:\/\/vandrarhemmetriso.se\/hostel\/golfing-2\/?preview_id=119&preview_nonce=4b701b8d91&preview=true&_thumbnail_id=11","name":"Sommarl\u00e4ger &#8226; Vandrarhemmet Ris\u00f6","isPartOf":{"@id":"https:\/\/vandrarhemmetriso.se\/hostel\/#website"},"primaryImageOfPage":{"@id":"https:\/\/vandrarhemmetriso.se\/hostel\/golfing-2\/?preview_id=119&preview_nonce=4b701b8d91&preview=true&_thumbnail_id=11#primaryimage"},"image":{"@id":"https:\/\/vandrarhemmetriso.se\/hostel\/golfing-2\/?preview_id=119&preview_nonce=4b701b8d91&preview=true&_thumbnail_id=11#primaryimage"},"thumbnailUrl":"https:\/\/vandrarhemmetriso.se\/hostel\/wp-content\/uploads\/2022\/06\/DSC_0036-scaled.jpg","datePublished":"2021-11-09T12:14:19+00:00","dateModified":"2022-06-28T08:25:03+00:00","description":"Sommarl\u00e4ger\/Vandrarhemmmet Ris\u00f6 i Vinga-Fot\u00f6 sk\u00e4rg\u00e5rd utanf\u00f6r G\u00f6teborg. H\u00e4r bor du i sk\u00e4rg\u00e5rdsmilj\u00f6, med utsikt \u00f6ver Vinga fyr","breadcrumb":{"@id":"https:\/\/vandrarhemmetriso.se\/hostel\/golfing-2\/?preview_id=119&preview_nonce=4b701b8d91&preview=true&_thumbnail_id=11#breadcrumb"},"inLanguage":"sv-SE","potentialAction":[{"@type":"ReadAction","target":["https:\/\/vandrarhemmetriso.se\/hostel\/golfing-2\/?preview_id=119&preview_nonce=4b701b8d91&preview=true&_thumbnail_id=11"]}]},{"@type":"ImageObject","inLanguage":"sv-SE","@id":"https:\/\/vandrarhemmetriso.se\/hostel\/golfing-2\/?preview_id=119&preview_nonce=4b701b8d91&preview=true&_thumbnail_id=11#primaryimage","url":"https:\/\/vandrarhemmetriso.se\/hostel\/wp-content\/uploads\/2022\/06\/DSC_0036-scaled.jpg","contentUrl":"https:\/\/vandrarhemmetriso.se\/hostel\/wp-content\/uploads\/2022\/06\/DSC_0036-scaled.jpg","width":2560,"height":1696},{"@type":"BreadcrumbList","@id":"https:\/\/vandrarhemmetriso.se\/hostel\/golfing-2\/?preview_id=119&preview_nonce=4b701b8d91&preview=true&_thumbnail_id=11#breadcrumb","itemListElement":[{"@type":"ListItem","position":1,"name":"Boka Online","item":"https:\/\/vandrarhemmetriso.se\/hostel\/"},{"@type":"ListItem","position":2,"name":"Sommarl\u00e4ger"}]},{"@type":"WebSite","@id":"https:\/\/vandrarhemmetriso.se\/hostel\/#website","url":"https:\/\/vandrarhemmetriso.se\/hostel\/","name":"Vandrarhemmet Ris\u00f6","description":"Vandrarhemmet Ris\u00f6 bo p\u00e5 egen \u00f6","publisher":{"@id":"https:\/\/vandrarhemmetriso.se\/hostel\/#organization"},"alternateName":"Vandrarhem boende p\u00e5 egen \u00f6","potentialAction":[{"@type":"SearchAction","target":{"@type":"EntryPoint","urlTemplate":"https:\/\/vandrarhemmetriso.se\/hostel\/?s={search_term_string}"},"query-input":{"@type":"PropertyValueSpecification","valueRequired":true,"valueName":"search_term_string"}}],"inLanguage":"sv-SE"},{"@type":"Organization","@id":"https:\/\/vandrarhemmetriso.se\/hostel\/#organization","name":"Vandrarhemmet Ris\u00f6 ideel f\u00f6rening","url":"https:\/\/vandrarhemmetriso.se\/hostel\/","logo":{"@type":"ImageObject","inLanguage":"sv-SE","@id":"https:\/\/vandrarhemmetriso.se\/hostel\/#\/schema\/logo\/image\/","url":"","contentUrl":"","caption":"Vandrarhemmet Ris\u00f6 ideel f\u00f6rening"},"image":{"@id":"https:\/\/vandrarhemmetriso.se\/hostel\/#\/schema\/logo\/image\/"},"sameAs":["https:\/\/sv-se.facebook.com\/vandrarhemmetriso\/?ref=page_internal"]}]}},"_links":{"self":[{"href":"https:\/\/vandrarhemmetriso.se\/hostel\/wp-json\/wp\/v2\/pages\/119","targetHints":{"allow":["GET"]}}],"collection":[{"href":"https:\/\/vandrarhemmetriso.se\/hostel\/wp-json\/wp\/v2\/pages"}],"about":[{"href":"https:\/\/vandrarhemmetriso.se\/hostel\/wp-json\/wp\/v2\/types\/page"}],"author":[{"embeddable":true,"href":"https:\/\/vandrarhemmetriso.se\/hostel\/wp-json\/wp\/v2\/users\/1"}],"replies":[{"embeddable":true,"href":"https:\/\/vandrarhemmetriso.se\/hostel\/wp-json\/wp\/v2\/comments?post=119"}],"version-history":[{"count":6,"href":"https:\/\/vandrarhemmetriso.se\/hostel\/wp-json\/wp\/v2\/pages\/119\/revisions"}],"predecessor-version":[{"id":1503,"href":"https:\/\/vandrarhemmetriso.se\/hostel\/wp-json\/wp\/v2\/pages\/119\/revisions\/1503"}],"wp:featuredmedia":[{"embeddable":true,"href":"https:\/\/vandrarhemmetriso.se\/hostel\/wp-json\/wp\/v2\/media\/1500"}],"wp:attachment":[{"href":"https:\/\/vandrarhemmetriso.se\/hostel\/wp-json\/wp\/v2\/media?parent=119"}],"curies":[{"name":"wp","href":"https:\/\/api.w.org\/{rel}","templated":true}]}}