{"id":110,"date":"2021-11-09T12:14:19","date_gmt":"2021-11-09T11:14:19","guid":{"rendered":"https:\/\/vandrarhemmetriso.se\/hostel\/?page_id=110"},"modified":"2023-04-29T00:22:13","modified_gmt":"2023-04-28T22:22:13","slug":"vandrarhemsinlagg","status":"publish","type":"page","link":"https:\/\/vandrarhemmetriso.se\/hostel\/vandrarhemsinlagg\/","title":{"rendered":"Vandrarhems inl\u00e4gg"},"content":{"rendered":"","protected":false},"excerpt":{"rendered":"","protected":false},"author":1,"featured_media":1133,"parent":0,"menu_order":0,"comment_status":"open","ping_status":"closed","template":"","meta":{"footnotes":""},"class_list":["post-110","page","type-page","status-publish","has-post-thumbnail","hentry"],"yoast_head":"<!-- This site is optimized with the Yoast SEO plugin v27.4 - https:\/\/yoast.com\/product\/yoast-seo-wordpress\/ -->\n<title>Vandrarhems inl\u00e4gg &#8226; Vandrarhemmet Ris\u00f6<\/title>\n<meta name=\"description\" content=\"Vandrarhems inl\u00e4gg\/Vandrarhemmmet Ris\u00f6 i Vinga-Fot\u00f6 sk\u00e4rg\u00e5rd utanf\u00f6r G\u00f6teborg. H\u00e4r bor du i sk\u00e4rg\u00e5rdsmilj\u00f6, med utsikt \u00f6ver Vinga fyr\" \/>\n<meta name=\"robots\" content=\"index, follow, max-snippet:-1, max-image-preview:large, max-video-preview:-1\" \/>\n<link rel=\"canonical\" href=\"https:\/\/vandrarhemmetriso.se\/hostel\/vandrarhemsinlagg\/\" \/>\n<meta property=\"og:locale\" content=\"sv_SE\" \/>\n<meta property=\"og:type\" content=\"article\" \/>\n<meta property=\"og:title\" content=\"Vandrarhems inl\u00e4gg &#8226; Vandrarhemmet Ris\u00f6\" \/>\n<meta property=\"og:description\" content=\"Vandrarhems inl\u00e4gg\/Vandrarhemmmet Ris\u00f6 i Vinga-Fot\u00f6 sk\u00e4rg\u00e5rd utanf\u00f6r G\u00f6teborg. H\u00e4r bor du i sk\u00e4rg\u00e5rdsmilj\u00f6, med utsikt \u00f6ver Vinga fyr\" \/>\n<meta property=\"og:url\" content=\"https:\/\/vandrarhemmetriso.se\/hostel\/vandrarhemsinlagg\/\" \/>\n<meta property=\"og:site_name\" content=\"Vandrarhemmet Ris\u00f6\" \/>\n<meta property=\"article:publisher\" content=\"https:\/\/sv-se.facebook.com\/vandrarhemmetriso\/?ref=page_internal\" \/>\n<meta property=\"article:modified_time\" content=\"2023-04-28T22:22:13+00:00\" \/>\n<meta property=\"og:image\" content=\"https:\/\/vandrarhemmetriso.se\/hostel\/wp-content\/uploads\/2021\/11\/blank-792125__340.jpg\" \/>\n\t<meta property=\"og:image:width\" content=\"510\" \/>\n\t<meta property=\"og:image:height\" content=\"340\" \/>\n\t<meta property=\"og:image:type\" content=\"image\/jpeg\" \/>\n<meta name=\"twitter:card\" content=\"summary_large_image\" \/>\n<script type=\"application\/ld+json\" class=\"yoast-schema-graph\">{\"@context\":\"https:\\\/\\\/schema.org\",\"@graph\":[{\"@type\":\"WebPage\",\"@id\":\"https:\\\/\\\/vandrarhemmetriso.se\\\/hostel\\\/vandrarhemsinlagg\\\/\",\"url\":\"https:\\\/\\\/vandrarhemmetriso.se\\\/hostel\\\/vandrarhemsinlagg\\\/\",\"name\":\"Vandrarhems inl\u00e4gg &#8226; Vandrarhemmet Ris\u00f6\",\"isPartOf\":{\"@id\":\"https:\\\/\\\/vandrarhemmetriso.se\\\/hostel\\\/#website\"},\"primaryImageOfPage\":{\"@id\":\"https:\\\/\\\/vandrarhemmetriso.se\\\/hostel\\\/vandrarhemsinlagg\\\/#primaryimage\"},\"image\":{\"@id\":\"https:\\\/\\\/vandrarhemmetriso.se\\\/hostel\\\/vandrarhemsinlagg\\\/#primaryimage\"},\"thumbnailUrl\":\"https:\\\/\\\/vandrarhemmetriso.se\\\/hostel\\\/wp-content\\\/uploads\\\/2021\\\/11\\\/blank-792125__340.jpg\",\"datePublished\":\"2021-11-09T11:14:19+00:00\",\"dateModified\":\"2023-04-28T22:22:13+00:00\",\"description\":\"Vandrarhems inl\u00e4gg\\\/Vandrarhemmmet Ris\u00f6 i Vinga-Fot\u00f6 sk\u00e4rg\u00e5rd utanf\u00f6r G\u00f6teborg. H\u00e4r bor du i sk\u00e4rg\u00e5rdsmilj\u00f6, med utsikt \u00f6ver Vinga fyr\",\"breadcrumb\":{\"@id\":\"https:\\\/\\\/vandrarhemmetriso.se\\\/hostel\\\/vandrarhemsinlagg\\\/#breadcrumb\"},\"inLanguage\":\"sv-SE\",\"potentialAction\":[{\"@type\":\"ReadAction\",\"target\":[\"https:\\\/\\\/vandrarhemmetriso.se\\\/hostel\\\/vandrarhemsinlagg\\\/\"]}]},{\"@type\":\"ImageObject\",\"inLanguage\":\"sv-SE\",\"@id\":\"https:\\\/\\\/vandrarhemmetriso.se\\\/hostel\\\/vandrarhemsinlagg\\\/#primaryimage\",\"url\":\"https:\\\/\\\/vandrarhemmetriso.se\\\/hostel\\\/wp-content\\\/uploads\\\/2021\\\/11\\\/blank-792125__340.jpg\",\"contentUrl\":\"https:\\\/\\\/vandrarhemmetriso.se\\\/hostel\\\/wp-content\\\/uploads\\\/2021\\\/11\\\/blank-792125__340.jpg\",\"width\":510,\"height\":340},{\"@type\":\"BreadcrumbList\",\"@id\":\"https:\\\/\\\/vandrarhemmetriso.se\\\/hostel\\\/vandrarhemsinlagg\\\/#breadcrumb\",\"itemListElement\":[{\"@type\":\"ListItem\",\"position\":1,\"name\":\"Boka Online\",\"item\":\"https:\\\/\\\/vandrarhemmetriso.se\\\/hostel\\\/\"},{\"@type\":\"ListItem\",\"position\":2,\"name\":\"Vandrarhems inl\u00e4gg\"}]},{\"@type\":\"WebSite\",\"@id\":\"https:\\\/\\\/vandrarhemmetriso.se\\\/hostel\\\/#website\",\"url\":\"https:\\\/\\\/vandrarhemmetriso.se\\\/hostel\\\/\",\"name\":\"Vandrarhemmet Ris\u00f6\",\"description\":\"Vandrarhemmet Ris\u00f6 bo p\u00e5 egen \u00f6\",\"publisher\":{\"@id\":\"https:\\\/\\\/vandrarhemmetriso.se\\\/hostel\\\/#organization\"},\"alternateName\":\"Vandrarhem boende p\u00e5 egen \u00f6\",\"potentialAction\":[{\"@type\":\"SearchAction\",\"target\":{\"@type\":\"EntryPoint\",\"urlTemplate\":\"https:\\\/\\\/vandrarhemmetriso.se\\\/hostel\\\/?s={search_term_string}\"},\"query-input\":{\"@type\":\"PropertyValueSpecification\",\"valueRequired\":true,\"valueName\":\"search_term_string\"}}],\"inLanguage\":\"sv-SE\"},{\"@type\":\"Organization\",\"@id\":\"https:\\\/\\\/vandrarhemmetriso.se\\\/hostel\\\/#organization\",\"name\":\"Vandrarhemmet Ris\u00f6 ideel f\u00f6rening\",\"url\":\"https:\\\/\\\/vandrarhemmetriso.se\\\/hostel\\\/\",\"logo\":{\"@type\":\"ImageObject\",\"inLanguage\":\"sv-SE\",\"@id\":\"https:\\\/\\\/vandrarhemmetriso.se\\\/hostel\\\/#\\\/schema\\\/logo\\\/image\\\/\",\"url\":\"\",\"contentUrl\":\"\",\"caption\":\"Vandrarhemmet Ris\u00f6 ideel f\u00f6rening\"},\"image\":{\"@id\":\"https:\\\/\\\/vandrarhemmetriso.se\\\/hostel\\\/#\\\/schema\\\/logo\\\/image\\\/\"},\"sameAs\":[\"https:\\\/\\\/sv-se.facebook.com\\\/vandrarhemmetriso\\\/?ref=page_internal\"]}]}<\/script>\n<!-- \/ Yoast SEO plugin. -->","yoast_head_json":{"title":"Vandrarhems inl\u00e4gg &#8226; Vandrarhemmet Ris\u00f6","description":"Vandrarhems inl\u00e4gg\/Vandrarhemmmet Ris\u00f6 i Vinga-Fot\u00f6 sk\u00e4rg\u00e5rd utanf\u00f6r G\u00f6teborg. H\u00e4r bor du i sk\u00e4rg\u00e5rdsmilj\u00f6, med utsikt \u00f6ver Vinga fyr","robots":{"index":"index","follow":"follow","max-snippet":"max-snippet:-1","max-image-preview":"max-image-preview:large","max-video-preview":"max-video-preview:-1"},"canonical":"https:\/\/vandrarhemmetriso.se\/hostel\/vandrarhemsinlagg\/","og_locale":"sv_SE","og_type":"article","og_title":"Vandrarhems inl\u00e4gg &#8226; Vandrarhemmet Ris\u00f6","og_description":"Vandrarhems inl\u00e4gg\/Vandrarhemmmet Ris\u00f6 i Vinga-Fot\u00f6 sk\u00e4rg\u00e5rd utanf\u00f6r G\u00f6teborg. H\u00e4r bor du i sk\u00e4rg\u00e5rdsmilj\u00f6, med utsikt \u00f6ver Vinga fyr","og_url":"https:\/\/vandrarhemmetriso.se\/hostel\/vandrarhemsinlagg\/","og_site_name":"Vandrarhemmet Ris\u00f6","article_publisher":"https:\/\/sv-se.facebook.com\/vandrarhemmetriso\/?ref=page_internal","article_modified_time":"2023-04-28T22:22:13+00:00","og_image":[{"width":510,"height":340,"url":"https:\/\/vandrarhemmetriso.se\/hostel\/wp-content\/uploads\/2021\/11\/blank-792125__340.jpg","type":"image\/jpeg"}],"twitter_card":"summary_large_image","schema":{"@context":"https:\/\/schema.org","@graph":[{"@type":"WebPage","@id":"https:\/\/vandrarhemmetriso.se\/hostel\/vandrarhemsinlagg\/","url":"https:\/\/vandrarhemmetriso.se\/hostel\/vandrarhemsinlagg\/","name":"Vandrarhems inl\u00e4gg &#8226; Vandrarhemmet Ris\u00f6","isPartOf":{"@id":"https:\/\/vandrarhemmetriso.se\/hostel\/#website"},"primaryImageOfPage":{"@id":"https:\/\/vandrarhemmetriso.se\/hostel\/vandrarhemsinlagg\/#primaryimage"},"image":{"@id":"https:\/\/vandrarhemmetriso.se\/hostel\/vandrarhemsinlagg\/#primaryimage"},"thumbnailUrl":"https:\/\/vandrarhemmetriso.se\/hostel\/wp-content\/uploads\/2021\/11\/blank-792125__340.jpg","datePublished":"2021-11-09T11:14:19+00:00","dateModified":"2023-04-28T22:22:13+00:00","description":"Vandrarhems inl\u00e4gg\/Vandrarhemmmet Ris\u00f6 i Vinga-Fot\u00f6 sk\u00e4rg\u00e5rd utanf\u00f6r G\u00f6teborg. H\u00e4r bor du i sk\u00e4rg\u00e5rdsmilj\u00f6, med utsikt \u00f6ver Vinga fyr","breadcrumb":{"@id":"https:\/\/vandrarhemmetriso.se\/hostel\/vandrarhemsinlagg\/#breadcrumb"},"inLanguage":"sv-SE","potentialAction":[{"@type":"ReadAction","target":["https:\/\/vandrarhemmetriso.se\/hostel\/vandrarhemsinlagg\/"]}]},{"@type":"ImageObject","inLanguage":"sv-SE","@id":"https:\/\/vandrarhemmetriso.se\/hostel\/vandrarhemsinlagg\/#primaryimage","url":"https:\/\/vandrarhemmetriso.se\/hostel\/wp-content\/uploads\/2021\/11\/blank-792125__340.jpg","contentUrl":"https:\/\/vandrarhemmetriso.se\/hostel\/wp-content\/uploads\/2021\/11\/blank-792125__340.jpg","width":510,"height":340},{"@type":"BreadcrumbList","@id":"https:\/\/vandrarhemmetriso.se\/hostel\/vandrarhemsinlagg\/#breadcrumb","itemListElement":[{"@type":"ListItem","position":1,"name":"Boka Online","item":"https:\/\/vandrarhemmetriso.se\/hostel\/"},{"@type":"ListItem","position":2,"name":"Vandrarhems inl\u00e4gg"}]},{"@type":"WebSite","@id":"https:\/\/vandrarhemmetriso.se\/hostel\/#website","url":"https:\/\/vandrarhemmetriso.se\/hostel\/","name":"Vandrarhemmet Ris\u00f6","description":"Vandrarhemmet Ris\u00f6 bo p\u00e5 egen \u00f6","publisher":{"@id":"https:\/\/vandrarhemmetriso.se\/hostel\/#organization"},"alternateName":"Vandrarhem boende p\u00e5 egen \u00f6","potentialAction":[{"@type":"SearchAction","target":{"@type":"EntryPoint","urlTemplate":"https:\/\/vandrarhemmetriso.se\/hostel\/?s={search_term_string}"},"query-input":{"@type":"PropertyValueSpecification","valueRequired":true,"valueName":"search_term_string"}}],"inLanguage":"sv-SE"},{"@type":"Organization","@id":"https:\/\/vandrarhemmetriso.se\/hostel\/#organization","name":"Vandrarhemmet Ris\u00f6 ideel f\u00f6rening","url":"https:\/\/vandrarhemmetriso.se\/hostel\/","logo":{"@type":"ImageObject","inLanguage":"sv-SE","@id":"https:\/\/vandrarhemmetriso.se\/hostel\/#\/schema\/logo\/image\/","url":"","contentUrl":"","caption":"Vandrarhemmet Ris\u00f6 ideel f\u00f6rening"},"image":{"@id":"https:\/\/vandrarhemmetriso.se\/hostel\/#\/schema\/logo\/image\/"},"sameAs":["https:\/\/sv-se.facebook.com\/vandrarhemmetriso\/?ref=page_internal"]}]}},"_links":{"self":[{"href":"https:\/\/vandrarhemmetriso.se\/hostel\/wp-json\/wp\/v2\/pages\/110","targetHints":{"allow":["GET"]}}],"collection":[{"href":"https:\/\/vandrarhemmetriso.se\/hostel\/wp-json\/wp\/v2\/pages"}],"about":[{"href":"https:\/\/vandrarhemmetriso.se\/hostel\/wp-json\/wp\/v2\/types\/page"}],"author":[{"embeddable":true,"href":"https:\/\/vandrarhemmetriso.se\/hostel\/wp-json\/wp\/v2\/users\/1"}],"replies":[{"embeddable":true,"href":"https:\/\/vandrarhemmetriso.se\/hostel\/wp-json\/wp\/v2\/comments?post=110"}],"version-history":[{"count":3,"href":"https:\/\/vandrarhemmetriso.se\/hostel\/wp-json\/wp\/v2\/pages\/110\/revisions"}],"predecessor-version":[{"id":1131,"href":"https:\/\/vandrarhemmetriso.se\/hostel\/wp-json\/wp\/v2\/pages\/110\/revisions\/1131"}],"wp:featuredmedia":[{"embeddable":true,"href":"https:\/\/vandrarhemmetriso.se\/hostel\/wp-json\/wp\/v2\/media\/1133"}],"wp:attachment":[{"href":"https:\/\/vandrarhemmetriso.se\/hostel\/wp-json\/wp\/v2\/media?parent=110"}],"curies":[{"name":"wp","href":"https:\/\/api.w.org\/{rel}","templated":true}]}}